{"id":274,"date":"2021-03-04T18:26:20","date_gmt":"2021-03-04T17:26:20","guid":{"rendered":"https:\/\/moosemanelektronika.wordpress.com\/?page_id=274"},"modified":"2022-03-07T18:08:18","modified_gmt":"2022-03-07T17:08:18","slug":"system-kontroli-losowej","status":"publish","type":"page","link":"https:\/\/mooseman-elektronika.com\/index.php\/system-kontroli-losowej\/","title":{"rendered":"System Kontroli Losowej"},"content":{"rendered":"\n<p class=\"has-text-align-justify\">Urz\u0105dzenie umo\u017cliwia wykonywanie kontroli losowej pracownik\u00f3w wchodz\u0105cych i wychodz\u0105cych z zak\u0142adu pracy. Zadaniem urz\u0105dzenia, jest losowe kierowanie przechodz\u0105cych os\u00f3b do kontroli szczeg\u00f3\u0142owej, badaniu alkomatem i itp.<\/p>\n\n\n\n<p><strong>Spos\u00f3b u\u017cycia:<\/strong><\/p>\n\n\n\n<p class=\"has-text-align-justify\">Osoby przechodz\u0105ce przez przej\u015bcie pracownicze, ka\u017cdorazowo naciskaj\u0105 znajduj\u0105cy si\u0119 na obudowie urz\u0105dzenia przycisk. Naci\u015bni\u0119cie przycisku sygnalizowane jest kr\u00f3tkim sygna\u0142em d\u017awi\u0119kowym. Je\u015bli osoba nie ma by\u0107 kontrolowana, na urz\u0105dzeniu za\u015bwieci si\u0119 ZIELONA kontrolka. Je\u017celi system wylosuje osob\u0119 do kontroli, urz\u0105dzenie wygeneruje trzy d\u0142ugie sygna\u0142y d\u017awi\u0119kowe za\u015bwiecaj\u0105c jednocze\u015bnie CZERWON\u0104 kontrolk\u0119. Gotowo\u015b\u0107 urz\u0105dzenia do pracy sygnalizuje \u017b\u00d3\u0141TA kontrolka migaj\u0105ca na przycisku.&nbsp;<\/p>\n\n\n\n<p class=\"has-text-align-justify\">System umo\u017cliwia dyskretne wywo\u0142anie sygnalizacji konieczno\u015bci kontroli wyzwalane przez pracownika ochrony. Zwieraj\u0105c chwilowo w dowolnym momencie wyprowadzenia wej\u015bcia steruj\u0105cego urz\u0105dzenia, wynik nast\u0119pnego losowania zawsze b\u0119dzie oznacza\u0107 kontrol\u0119. Do wej\u015bcia steruj\u0105cego mo\u017cna pod\u0142\u0105czy\u0107 prze\u0142\u0105cznik chwilowy lub radiolini\u0119 z wyj\u015bciem monostabilnym.<\/p>\n\n\n\n<p class=\"has-text-align-justify\">Prawdopodobie\u0144stwo&nbsp; kontroli mo\u017cna regulowa\u0107 w zakresie od 1 do 10, gdzie 1 oznacza du\u017ce prawdopodobie\u0144stwo kontroli, a 10 ma\u0142e prawdopodobie\u0144stwo kontroli.<\/p>\n\n\n<div  id=\"jtg-481\" class=\"modula modula-gallery modula-custom-grid\" data-config=\"{&quot;height&quot;:800,&quot;tabletHeight&quot;:800,&quot;mobileHeight&quot;:800,&quot;desktopHeight&quot;:800,&quot;enableTwitter&quot;:false,&quot;enableWhatsapp&quot;:false,&quot;enableFacebook&quot;:false,&quot;enablePinterest&quot;:false,&quot;enableLinkedin&quot;:false,&quot;enableEmail&quot;:false,&quot;randomFactor&quot;:0.5,&quot;type&quot;:&quot;custom-grid&quot;,&quot;columns&quot;:12,&quot;gutter&quot;:10,&quot;mobileGutter&quot;:10,&quot;tabletGutter&quot;:10,&quot;desktopGutter&quot;:10,&quot;enableResponsive&quot;:&quot;0&quot;,&quot;tabletColumns&quot;:&quot;2&quot;,&quot;mobileColumns&quot;:&quot;1&quot;,&quot;lazyLoad&quot;:0,&quot;lightboxOpts&quot;:{&quot;animated&quot;:true,&quot;Thumbs&quot;:{&quot;type&quot;:&quot;modern&quot;,&quot;showOnStart&quot;:false},&quot;Toolbar&quot;:{&quot;display&quot;:{&quot;right&quot;:[&quot;close&quot;]},&quot;enabled&quot;:true},&quot;Carousel&quot;:{&quot;Panzoom&quot;:{&quot;touch&quot;:true},&quot;infinite&quot;:false},&quot;keyboard&quot;:{&quot;Escape&quot;:&quot;close&quot;,&quot;Delete&quot;:&quot;close&quot;,&quot;Backspace&quot;:&quot;close&quot;,&quot;PageUp&quot;:false,&quot;PageDown&quot;:false,&quot;ArrowUp&quot;:false,&quot;ArrowDown&quot;:false,&quot;ArrowRight&quot;:false,&quot;ArrowLeft&quot;:false},&quot;touch&quot;:false,&quot;backdropClick&quot;:false,&quot;l10n&quot;:{&quot;CLOSE&quot;:&quot;Zamknij&quot;,&quot;NEXT&quot;:&quot;Nast\\u0119pny&quot;,&quot;PREV&quot;:&quot;Poprzedni&quot;,&quot;Error&quot;:&quot;Nie mo\\u017cna wczyta\\u0107 \\u017c\\u0105danej tre\\u015bci. Spr\\u00f3buj ponownie p\\u00f3\\u017aniej.&quot;,&quot;PLAY_START&quot;:&quot;Rozpocznij pokaz slajd\\u00f3w&quot;,&quot;PLAY_STOP&quot;:&quot;Zatrzymaj pokaz slajd\\u00f3w&quot;,&quot;FULL_SCREEN&quot;:&quot;Pe\\u0142ny ekran&quot;,&quot;THUMBS&quot;:&quot;Miniaturki&quot;,&quot;DOWNLOAD&quot;:&quot;Pobieranie&quot;,&quot;SHARE&quot;:&quot;Udost\\u0119pnij&quot;,&quot;ZOOM&quot;:&quot;Powi\\u0119kszenie&quot;,&quot;EMAIL&quot;:&quot;Here is the link to the image : %%image_link%% and this is the link to the gallery : %%gallery_link%%&quot;,&quot;MODAL&quot;:&quot;Mo\\u017cesz zamkn\\u0105\\u0107 t\\u0119 zawarto\\u015b\\u0107 okna modalnego za pomoc\\u0105 klawisza ESC&quot;,&quot;ERROR&quot;:&quot;Co\\u015b posz\\u0142o nie tak. Spr\\u00f3buj ponownie p\\u00f3\\u017aniej&quot;,&quot;IMAGE_ERROR&quot;:&quot;Nie znaleziono obrazka&quot;,&quot;ELEMENT_NOT_FOUND&quot;:&quot;Nie znaleziono elementu HTML&quot;,&quot;AJAX_NOT_FOUND&quot;:&quot;B\\u0142\\u0105d wczytywania AJAX: Nie znaleziono&quot;,&quot;AJAX_FORBIDDEN&quot;:&quot;B\\u0142\\u0105d wczytywania AJAX: Zabronione&quot;,&quot;IFRAME_ERROR&quot;:&quot;B\\u0142\\u0105d wczytywania strony&quot;,&quot;TOGGLE_ZOOM&quot;:&quot;Prze\\u0142\\u0105cz poziom powi\\u0119kszenia&quot;,&quot;TOGGLE_THUMBS&quot;:&quot;Prze\\u0142\\u0105cz miniaturki&quot;,&quot;TOGGLE_SLIDESHOW&quot;:&quot;Prze\\u0142\\u0105cz pokaz slajd\\u00f3w&quot;,&quot;TOGGLE_FULLSCREEN&quot;:&quot;Prze\\u0142\\u0105cz tryb pe\\u0142noekranowy&quot;},&quot;Images&quot;:{&quot;Panzoom&quot;:{&quot;maxScale&quot;:2}},&quot;mainClass&quot;:&quot;modula-fancybox-container modula-lightbox-jtg-481&quot;,&quot;Html&quot;:{&quot;videoAutoplay&quot;:0,&quot;videoTpl&quot;:&quot;&lt;video class=\\&quot;fancybox__html5video\\&quot; controls muted playsinline controlsList controlsList=\\&quot;nodownload\\&quot; poster=\\&quot;{{poster}}\\&quot; src=\\&quot;{{src}}\\&quot; type=\\&quot;{{format}}\\&quot; &gt;  Sorry, your browser doesn&#039;t support embedded videos, &lt;a href=\\&quot;{{src}}\\&quot;&gt; download &lt;\\\/a&gt; and watch with your favorite video player! &lt;\\\/video&gt;&quot;}},&quot;inView&quot;:false,&quot;email_subject&quot;:&quot;Check out this awesome image !!&quot;,&quot;email_message&quot;:&quot;Here is the link to the image : %%image_link%% and this is the link to the gallery : %%gallery_link%%&quot;,&quot;lightbox&quot;:&quot;fancybox&quot;}\">\n\n\t\n\t<div  class=\"modula-items\">\n\t\t<div class=\"modula-item effect-pufrobo\" data-width=\"4\" data-height=\"3\" >\n\t<div class=\"modula-item-overlay\"><\/div>\n\n\t<div class=\"modula-item-content\">\n\n\t\t<a data-image-id=\"479\" role=\"button\" tabindex=\"0\" rel=\"jtg-481\" data-caption=\"\" aria-label=\"Otw\u00f3rz obrazek w lightboxie\" class=\"tile-inner modula-item-link\"><\/a><img loading=\"lazy\" decoding=\"async\" class=\"pic wp-image-479\"  data-valign=\"middle\" data-halign=\"center\" alt=\"\" data-full=\"https:\/\/mooseman-elektronika.com\/wp-content\/uploads\/2022\/03\/SKL1.jpg\" title=\"SKL1\" crop=\"\" width=\"300\" height=\"255\" src=\"https:\/\/mooseman-elektronika.com\/wp-content\/uploads\/2022\/03\/SKL1-300x255.jpg\" data-src=\"https:\/\/mooseman-elektronika.com\/wp-content\/uploads\/2022\/03\/SKL1-300x255.jpg\" data-caption=\"\" srcset=\"https:\/\/mooseman-elektronika.com\/wp-content\/uploads\/2022\/03\/SKL1.jpg 1024w, https:\/\/mooseman-elektronika.com\/wp-content\/uploads\/2022\/03\/SKL1-300x255.jpg 300w, https:\/\/mooseman-elektronika.com\/wp-content\/uploads\/2022\/03\/SKL1-768x653.jpg 768w, https:\/\/mooseman-elektronika.com\/wp-content\/uploads\/2022\/03\/SKL1-600x510.jpg 600w, https:\/\/mooseman-elektronika.com\/wp-content\/uploads\/2022\/03\/SKL1-945x803.jpg 945w\" sizes=\"auto, (max-width: 300px) 100vw, 300px\" \/>\n\t\t<div class=\"figc no-description\">\n\t\t\t<div class=\"figc-inner\">\n\t\t\t\t\t\t\t\t\t\t\t\t\t\t\t<\/div>\n\t\t<\/div>\n\n\t<\/div>\n\n<\/div><div class=\"modula-item effect-pufrobo\" data-width=\"4\" data-height=\"3\" >\n\t<div class=\"modula-item-overlay\"><\/div>\n\n\t<div class=\"modula-item-content\">\n\n\t\t<a data-image-id=\"482\" role=\"button\" tabindex=\"0\" rel=\"jtg-481\" data-caption=\"\" aria-label=\"Otw\u00f3rz obrazek w lightboxie\" class=\"tile-inner modula-item-link\"><\/a><img loading=\"lazy\" decoding=\"async\" class=\"pic wp-image-482\"  data-valign=\"middle\" data-halign=\"center\" alt=\"\" data-full=\"https:\/\/mooseman-elektronika.com\/wp-content\/uploads\/2022\/03\/SKL2.jpg\" title=\"SKL2\" crop=\"\" width=\"300\" height=\"233\" src=\"https:\/\/mooseman-elektronika.com\/wp-content\/uploads\/2022\/03\/SKL2-300x233.jpg\" data-src=\"https:\/\/mooseman-elektronika.com\/wp-content\/uploads\/2022\/03\/SKL2-300x233.jpg\" data-caption=\"\" srcset=\"https:\/\/mooseman-elektronika.com\/wp-content\/uploads\/2022\/03\/SKL2.jpg 1024w, https:\/\/mooseman-elektronika.com\/wp-content\/uploads\/2022\/03\/SKL2-300x233.jpg 300w, https:\/\/mooseman-elektronika.com\/wp-content\/uploads\/2022\/03\/SKL2-768x596.jpg 768w, https:\/\/mooseman-elektronika.com\/wp-content\/uploads\/2022\/03\/SKL2-600x466.jpg 600w, https:\/\/mooseman-elektronika.com\/wp-content\/uploads\/2022\/03\/SKL2-945x734.jpg 945w\" sizes=\"auto, (max-width: 300px) 100vw, 300px\" \/>\n\t\t<div class=\"figc no-description\">\n\t\t\t<div class=\"figc-inner\">\n\t\t\t\t\t\t\t\t\t\t\t\t\t\t\t<\/div>\n\t\t<\/div>\n\n\t<\/div>\n\n<\/div>\t\t\n\t<\/div>\n\n\t\n\t\n\t<script type=\"application\/ld+json\">\n\t{\n\t\t\"@context\": \"https:\/\/schema.org\",\n\t\t\"@type\"   : \"ImageGallery\",\n\t\t\"id\"      : \"https:\/\/mooseman-elektronika.com\/index.php\/system-kontroli-losowej\/#modula-gallery-481\",\n\t\t\"url\"     : \"https:\/\/mooseman-elektronika.com\/index.php\/system-kontroli-losowej\/\"\n\t}\n\n\t<\/script>\n\n\t\n<\/div>\n\n\n\n<p><\/p>\n\n\n\n<figure class=\"wp-block-embed is-type-video is-provider-youtube wp-block-embed-youtube wp-embed-aspect-16-9 wp-has-aspect-ratio\"><div class=\"wp-block-embed__wrapper\">\n<iframe loading=\"lazy\" title=\"System Kontroli Losowej\" width=\"676\" height=\"380\" src=\"https:\/\/www.youtube.com\/embed\/ymXtQNKRBAw?feature=oembed\" frameborder=\"0\" allow=\"accelerometer; autoplay; clipboard-write; encrypted-media; gyroscope; picture-in-picture\" allowfullscreen><\/iframe>\n<\/div><\/figure>\n","protected":false},"excerpt":{"rendered":"<p>Urz\u0105dzenie umo\u017cliwia wykonywanie kontroli losowej pracownik\u00f3w wchodz\u0105cych i wychodz\u0105cych z zak\u0142adu pracy. Zadaniem urz\u0105dzenia, jest losowe kierowanie przechodz\u0105cych os\u00f3b do kontroli szczeg\u00f3\u0142owej, badaniu alkomatem i itp. Spos\u00f3b u\u017cycia: Osoby przechodz\u0105ce przez przej\u015bcie pracownicze, ka\u017cdorazowo naciskaj\u0105 znajduj\u0105cy si\u0119 na obudowie urz\u0105dzenia&#8230; <a class=\"more-link\" href=\"https:\/\/mooseman-elektronika.com\/index.php\/system-kontroli-losowej\/\">Czytaj dalej &rarr;<\/a><\/p>\n","protected":false},"author":1,"featured_media":0,"parent":0,"menu_order":0,"comment_status":"closed","ping_status":"closed","template":"template-nosidebar.php","meta":{"_editorskit_title_hidden":false,"_editorskit_reading_time":1,"_editorskit_is_block_options_detached":false,"_editorskit_block_options_position":"{}","footnotes":""},"class_list":["post-274","page","type-page","status-publish","hentry"],"_links":{"self":[{"href":"https:\/\/mooseman-elektronika.com\/index.php\/wp-json\/wp\/v2\/pages\/274","targetHints":{"allow":["GET"]}}],"collection":[{"href":"https:\/\/mooseman-elektronika.com\/index.php\/wp-json\/wp\/v2\/pages"}],"about":[{"href":"https:\/\/mooseman-elektronika.com\/index.php\/wp-json\/wp\/v2\/types\/page"}],"author":[{"embeddable":true,"href":"https:\/\/mooseman-elektronika.com\/index.php\/wp-json\/wp\/v2\/users\/1"}],"replies":[{"embeddable":true,"href":"https:\/\/mooseman-elektronika.com\/index.php\/wp-json\/wp\/v2\/comments?post=274"}],"version-history":[{"count":7,"href":"https:\/\/mooseman-elektronika.com\/index.php\/wp-json\/wp\/v2\/pages\/274\/revisions"}],"predecessor-version":[{"id":487,"href":"https:\/\/mooseman-elektronika.com\/index.php\/wp-json\/wp\/v2\/pages\/274\/revisions\/487"}],"wp:attachment":[{"href":"https:\/\/mooseman-elektronika.com\/index.php\/wp-json\/wp\/v2\/media?parent=274"}],"curies":[{"name":"wp","href":"https:\/\/api.w.org\/{rel}","templated":true}]}}